{"id":1445,"date":"2023-11-16T15:22:11","date_gmt":"2023-11-16T15:22:11","guid":{"rendered":"https:\/\/nuotafarra.com\/?page_id=1445"},"modified":"2025-05-05T07:30:33","modified_gmt":"2025-05-05T07:30:33","slug":"conditions-generales-de-vente","status":"publish","type":"page","link":"https:\/\/nuotafarra.com\/?page_id=1445","title":{"rendered":"Conditions g\u00e9n\u00e9rales d&rsquo;utilisation"},"content":{"rendered":"<div class=\"container\">\n<div class=\"wrapper\">\n<h1>Conditions g\u00e9n\u00e9rales d&rsquo;utilisation<\/h1>\n<p>Veuillez lire attentivement ces conditions avant d&rsquo;utiliser notre service.<\/p>\n<h2>Interpr\u00e9tation et d\u00e9finitions<\/h2>\n<h3>Interpr\u00e9tation<\/h3>\n<p>Les mots dont la lettre initiale est en majuscule ont des significations d\u00e9finies dans les conditions suivantes. Les d\u00e9finitions suivantes ont la m\u00eame signification, qu&rsquo;elles apparaissent au singulier ou au pluriel.<\/p>\n<h3>D\u00e9finitions<\/h3>\n<p>Aux fins des pr\u00e9sentes conditions g\u00e9n\u00e9rales :<\/p>\n<ul>\n<li>\n<p><strong>Affili\u00e9<\/strong>: une entit\u00e9 qui contr\u00f4le, est contr\u00f4l\u00e9e par ou est sous contr\u00f4le commun avec une partie, le terme &quot;contr\u00f4le&quot; d\u00e9signant la propri\u00e9t\u00e9 de 50 % ou plus des actions, participations ou autres titres donnant droit \u00e0 un vote pour l&rsquo;\u00e9lection des administrateurs ou d&rsquo;autres responsables de la gestion.<\/p>\n<\/li>\n<li>\n<p>Le<strong>pays<\/strong> fait r\u00e9f\u00e9rence \u00e0 :  Avignon, France.<\/p>\n<\/li>\n<li>\n<p>L&rsquo;<strong>entreprise<\/strong> (d\u00e9sign\u00e9e par &quot;l&rsquo;entreprise&quot;, &quot;nous&quot;, &quot;notre&quot; ou &quot;nos&quot; dans le pr\u00e9sent accord) fait r\u00e9f\u00e9rence \u00e0 Nuotafarra SARL, 5 Rue des Boutons d&rsquo;Or, 84140 Avignon, France.<\/p>\n<\/li>\n<li>\n<p><strong>Appareil<\/strong>: tout appareil pouvant acc\u00e9der au Service, tel qu&rsquo;un ordinateur, un t\u00e9l\u00e9phone portable ou une tablette num\u00e9rique.<\/p>\n<\/li>\n<li>\n<p>Le<strong>service<\/strong> fait r\u00e9f\u00e9rence au site web.<\/p>\n<\/li>\n<li>\n<p>Les conditions<strong>g\u00e9n\u00e9rales<\/strong> (\u00e9galement appel\u00e9es &quot;conditions&quot;) d\u00e9signent les pr\u00e9sentes conditions g\u00e9n\u00e9rales qui constituent l&rsquo;int\u00e9gralit\u00e9 de l&rsquo;accord entre vous et la soci\u00e9t\u00e9 concernant l&rsquo;utilisation du service. <\/p>\n<\/li>\n<li>\n<p><strong>Service de m\u00e9dias sociaux tiers<\/strong> d\u00e9signe tout service ou contenu (y compris les donn\u00e9es, informations, produits ou services) fourni par un tiers qui peut \u00eatre affich\u00e9, inclus ou rendu disponible par le Service.<\/p>\n<\/li>\n<li>\n<p>Le<strong>site Web<\/strong> fait r\u00e9f\u00e9rence \u00e0 Nuotafarra SARL, accessible \u00e0 partir de <a href=\"https:\/\/nuotafarra.com\/\" rel=\"external nofollow noopener\" target=\"_blank\">https:\/\/nuotafarra.com\/.<\/a><\/p>\n<\/li>\n<li>\n<p>On entend par \u00ab\u00a0<strong>vous<\/strong> \u00a0\u00bb la personne qui acc\u00e8de au service ou qui l&rsquo;utilise, ou la soci\u00e9t\u00e9 ou autre entit\u00e9 juridique au nom de laquelle cette personne acc\u00e8de au service ou l&rsquo;utilise, selon le cas.<\/p>\n<\/li>\n<\/ul>\n<h2>Remerciements<\/h2>\n<p>Les pr\u00e9sentes conditions g\u00e9n\u00e9rales r\u00e9gissent l&rsquo;utilisation de ce service et constituent l&rsquo;accord conclu entre vous et la soci\u00e9t\u00e9. Ces conditions d\u00e9finissent les droits et obligations de tous les utilisateurs en ce qui concerne l&rsquo;utilisation du service.<\/p>\n<p>Votre acc\u00e8s au service et son utilisation sont subordonn\u00e9s \u00e0 votre acceptation et au respect des pr\u00e9sentes conditions g\u00e9n\u00e9rales. Ces conditions s&rsquo;appliquent \u00e0 tous les visiteurs, utilisateurs et autres personnes qui acc\u00e8dent au service ou l&rsquo;utilisent.<\/p>\n<p>En acc\u00e9dant au service ou en l&rsquo;utilisant, vous acceptez d&rsquo;\u00eatre li\u00e9 par les pr\u00e9sentes conditions g\u00e9n\u00e9rales. Si vous n&rsquo;\u00eates pas d&rsquo;accord avec une partie de ces conditions, vous ne pouvez pas acc\u00e9der au service.<\/p>\n<p>Vous d\u00e9clarez \u00eatre \u00e2g\u00e9 de plus de 18 ans. La soci\u00e9t\u00e9 n&rsquo;autorise pas les personnes de moins de 18 ans \u00e0 utiliser le service.<\/p>\n<p>Votre acc\u00e8s et votre utilisation du Service sont \u00e9galement conditionn\u00e9s par votre acceptation et votre respect de la Politique de confidentialit\u00e9 de la Soci\u00e9t\u00e9. Notre politique de confidentialit\u00e9 d\u00e9crit nos politiques et proc\u00e9dures en mati\u00e8re de collecte, d&rsquo;utilisation et de divulgation de vos informations personnelles lorsque vous utilisez l&rsquo;application ou le site Web et vous informe de vos droits en mati\u00e8re de confidentialit\u00e9 et de la mani\u00e8re dont la loi vous prot\u00e8ge. Veuillez lire attentivement notre politique de confidentialit\u00e9 avant d&rsquo;utiliser notre service.<\/p>\n<h2>Liens vers d&rsquo;autres sites web<\/h2>\n<p>Notre service peut contenir des liens vers des sites web ou des services de tiers qui ne sont pas d\u00e9tenus ou contr\u00f4l\u00e9s par la soci\u00e9t\u00e9.<\/p>\n<p>La soci\u00e9t\u00e9 n&rsquo;a aucun contr\u00f4le sur le contenu, les politiques de confidentialit\u00e9 ou les pratiques des sites web ou services de tiers et n&rsquo;assume aucune responsabilit\u00e9 \u00e0 cet \u00e9gard. Vous reconnaissez et acceptez en outre que la Soci\u00e9t\u00e9 ne peut \u00eatre tenue responsable, directement ou indirectement, de tout dommage ou perte caus\u00e9 ou suppos\u00e9 caus\u00e9 par ou en rapport avec l&rsquo;utilisation ou la confiance accord\u00e9e \u00e0 tout contenu, bien ou service disponible sur ou par l&rsquo;interm\u00e9diaire de ces sites web ou services.<\/p>\n<p>Nous vous conseillons vivement de lire les conditions g\u00e9n\u00e9rales et les politiques de confidentialit\u00e9 de tout site web ou service tiers que vous visitez.<\/p>\n<h2>Cessation d&rsquo;activit\u00e9<\/h2>\n<p>Nous pouvons r\u00e9silier ou suspendre votre acc\u00e8s imm\u00e9diatement, sans pr\u00e9avis ni responsabilit\u00e9, pour quelque raison que ce soit, y compris, mais sans s&rsquo;y limiter, si vous enfreignez les pr\u00e9sentes conditions g\u00e9n\u00e9rales.<\/p>\n<p>En cas de r\u00e9siliation, votre droit d&rsquo;utiliser le service cessera imm\u00e9diatement.<\/p>\n<h2>Limitation de la responsabilit\u00e9<\/h2>\n<p>Nonobstant tout dommage que vous pourriez subir, l&rsquo;enti\u00e8re responsabilit\u00e9 de la Soci\u00e9t\u00e9 et de ses fournisseurs en vertu de toute disposition des pr\u00e9sentes conditions et votre recours exclusif pour tout ce qui pr\u00e9c\u00e8de seront limit\u00e9s au montant effectivement pay\u00e9 par vous par l&rsquo;interm\u00e9diaire du service ou \u00e0 100 USD si vous n&rsquo;avez rien achet\u00e9 par l&rsquo;interm\u00e9diaire du service.<\/p>\n<p>Dans toute la mesure permise par la loi applicable, la Soci\u00e9t\u00e9 ou ses fournisseurs ne peuvent en aucun cas \u00eatre tenus responsables des dommages sp\u00e9ciaux, accessoires, indirects ou cons\u00e9cutifs quels qu&rsquo;ils soient (y compris, mais sans s&rsquo;y limiter, les dommages pour perte de b\u00e9n\u00e9fices, perte de donn\u00e9es ou d&rsquo;autres informations, pour interruption d&rsquo;activit\u00e9, pour pr\u00e9judice corporel, etc, la perte de vie priv\u00e9e r\u00e9sultant de l&rsquo;utilisation ou de l&rsquo;incapacit\u00e9 d&rsquo;utiliser le service, les logiciels de tiers et\/ou le mat\u00e9riel de tiers utilis\u00e9s avec le service, ou en rapport avec toute disposition des pr\u00e9sentes conditions), m\u00eame si la soci\u00e9t\u00e9 ou un fournisseur a \u00e9t\u00e9 inform\u00e9 de la possibilit\u00e9 de tels dommages et m\u00eame si le rem\u00e8de n&rsquo;a pas atteint son objectif essentiel.<\/p>\n<p>Certains \u00c9tats n&rsquo;autorisent pas l&rsquo;exclusion des garanties implicites ou la limitation de la responsabilit\u00e9 pour les dommages accessoires ou indirects, ce qui signifie que certaines des limitations ci-dessus peuvent ne pas s&rsquo;appliquer. Dans ces \u00c9tats, la responsabilit\u00e9 de chaque partie sera limit\u00e9e dans toute la mesure permise par la loi.<\/p>\n<h2>Clause de non-responsabilit\u00e9 &quot;TELS QUELS&quot; et &quot;TELS QUE DISPONIBLES&quot;.<\/h2>\n<p>Le Service vous est fourni &quot;TEL QUEL&quot; et &quot;TEL QUE DISPONIBLE&quot;, avec tous les d\u00e9fauts et toutes les d\u00e9ficiences, sans garantie d&rsquo;aucune sorte. Dans toute la mesure permise par le droit applicable, la Soci\u00e9t\u00e9, en son nom propre et au nom de ses soci\u00e9t\u00e9s affili\u00e9es et de ses conc\u00e9dants de licence et fournisseurs de services respectifs, d\u00e9cline express\u00e9ment toute garantie, expresse, implicite, l\u00e9gale ou autre, concernant le Service, y compris toute garantie implicite de qualit\u00e9 marchande, d&rsquo;ad\u00e9quation \u00e0 un usage particulier, de titre et d&rsquo;absence de contrefa\u00e7on, ainsi que les garanties pouvant r\u00e9sulter de la conduite habituelle, des performances, de l&rsquo;usage ou de la pratique commerciale. Sans pr\u00e9judice de ce qui pr\u00e9c\u00e8de, la Soci\u00e9t\u00e9 ne fournit aucune garantie, ne prend aucun engagement et ne fait aucune d\u00e9claration de quelque nature que ce soit quant au fait que le Service r\u00e9pondra \u00e0 vos exigences, atteindra les r\u00e9sultats escompt\u00e9s, sera compatible ou fonctionnera avec tout autre logiciel, application, syst\u00e8me ou service, fonctionnera sans interruption, r\u00e9pondra \u00e0 toute norme de performance ou de fiabilit\u00e9 ou sera exempt d&rsquo;erreur, ou que toute erreur ou tout d\u00e9faut peut \u00eatre ou sera corrig\u00e9.<\/p>\n<p>Sans limiter la port\u00e9e de ce qui pr\u00e9c\u00e8de, ni la soci\u00e9t\u00e9 ni aucun de ses fournisseurs ne font de d\u00e9claration ou ne donnent de garantie de quelque nature que ce soit, expresse ou implicite : (i) quant au fonctionnement ou \u00e0 la disponibilit\u00e9 du service, ou des informations, du contenu et des mat\u00e9riaux ou produits qui y sont inclus ; (ii) quant au fait que le service sera ininterrompu ou exempt d&rsquo;erreurs ; (iii) quant \u00e0 l&rsquo;exactitude, la fiabilit\u00e9 ou l&rsquo;actualit\u00e9 de toute information ou de tout contenu fourni par l&rsquo;interm\u00e9diaire du service ; ou (iv) quant au fait que le service, ses serveurs, le contenu ou les courriers \u00e9lectroniques envoy\u00e9s par la soci\u00e9t\u00e9 ou en son nom sont exempts de virus, de scripts, de chevaux de Troie, de vers, de logiciels malveillants, de bombes \u00e0 retardement ou d&rsquo;autres composants nocifs.<\/p>\n<p>Certaines juridictions n&rsquo;autorisent pas l&rsquo;exclusion de certains types de garanties ou la limitation des droits statutaires applicables \u00e0 un consommateur, de sorte que tout ou partie des exclusions et limitations susmentionn\u00e9es peuvent ne pas s&rsquo;appliquer \u00e0 vous. Mais dans un tel cas, les exclusions et limitations \u00e9nonc\u00e9es dans la pr\u00e9sente section seront appliqu\u00e9es dans la plus large mesure possible en vertu de la loi applicable.<\/p>\n<h2>Droit applicable<\/h2>\n<p>Les lois du pays, \u00e0 l&rsquo;exclusion des r\u00e8gles de conflit de lois, r\u00e9gissent les pr\u00e9sentes conditions et votre utilisation du service. Votre utilisation de l&rsquo;application peut \u00e9galement \u00eatre soumise \u00e0 d&rsquo;autres lois locales, r\u00e9gionales, nationales ou internationales.<\/p>\n<h2>R\u00e9solution des litiges<\/h2>\n<p>En cas de probl\u00e8me ou de litige concernant le Service, vous acceptez de tenter d&rsquo;abord de r\u00e9soudre le litige de mani\u00e8re informelle en contactant la Soci\u00e9t\u00e9.<\/p>\n<h2>Pour les utilisateurs de l&rsquo;Union europ\u00e9enne (UE)<\/h2>\n<p>Si vous \u00eates un consommateur de l&rsquo;Union europ\u00e9enne, vous b\u00e9n\u00e9ficierez des dispositions imp\u00e9ratives de la loi du pays dans lequel vous r\u00e9sidez.<\/p>\n<h2>\u00c9tats-Unis Conformit\u00e9 juridique<\/h2>\n<p>Vous d\u00e9clarez et garantissez que (i) vous n&rsquo;\u00eates pas situ\u00e9 dans un pays soumis \u00e0 l&#8217;embargo du gouvernement des \u00c9tats-Unis ou qui a \u00e9t\u00e9 d\u00e9sign\u00e9 par le gouvernement des \u00c9tats-Unis comme un pays soutenant le terrorisme, et (ii) vous ne figurez sur aucune liste de parties interdites ou soumises \u00e0 des restrictions \u00e9tablie par le gouvernement des \u00c9tats-Unis.<\/p>\n<h2>Divisibilit\u00e9 et renonciation<\/h2>\n<h3>S\u00e9v\u00e9rit\u00e9<\/h3>\n<p>Si une disposition des pr\u00e9sentes conditions est jug\u00e9e inapplicable ou invalide, cette disposition sera modifi\u00e9e et interpr\u00e9t\u00e9e de mani\u00e8re \u00e0 atteindre les objectifs de cette disposition dans toute la mesure du possible en vertu de la l\u00e9gislation applicable, et les autres dispositions resteront pleinement en vigueur.<\/p>\n<h3>Renonciation<\/h3>\n<p>Sauf dans les cas pr\u00e9vus par les pr\u00e9sentes, le fait de ne pas exercer un droit ou de ne pas exiger l&rsquo;ex\u00e9cution d&rsquo;une obligation en vertu des pr\u00e9sentes conditions n&rsquo;affecte pas la capacit\u00e9 d&rsquo;une partie \u00e0 exercer ce droit ou \u00e0 exiger cette ex\u00e9cution \u00e0 tout moment par la suite, et la renonciation \u00e0 une violation ne constitue pas une renonciation \u00e0 toute violation ult\u00e9rieure.<\/p>\n<h2>Traduction Interpr\u00e9tation<\/h2>\n<p>Les pr\u00e9sentes conditions g\u00e9n\u00e9rales peuvent avoir \u00e9t\u00e9 traduites si nous les avons mises \u00e0 votre disposition sur notre service. Vous acceptez que le texte original en anglais pr\u00e9vale en cas de litige.<\/p>\n<h2>Modifications des pr\u00e9sentes conditions g\u00e9n\u00e9rales<\/h2>\n<p>Nous nous r\u00e9servons le droit, \u00e0 notre seule discr\u00e9tion, de modifier ou de remplacer les pr\u00e9sentes conditions \u00e0 tout moment. Si une r\u00e9vision est importante, nous nous efforcerons de fournir un pr\u00e9avis d&rsquo;au moins 30 jours avant l&rsquo;entr\u00e9e en vigueur des nouvelles conditions. La d\u00e9finition de ce qui constitue une modification substantielle est laiss\u00e9e \u00e0 notre enti\u00e8re discr\u00e9tion.<\/p>\n<p>En continuant \u00e0 acc\u00e9der \u00e0 notre service ou \u00e0 l&rsquo;utiliser apr\u00e8s l&rsquo;entr\u00e9e en vigueur de ces r\u00e9visions, vous acceptez d&rsquo;\u00eatre li\u00e9 par les conditions r\u00e9vis\u00e9es. Si vous n&rsquo;acceptez pas les nouvelles conditions, en tout ou en partie, veuillez cesser d&rsquo;utiliser le site web et le service.<\/p>\n<h2>Nous contacter<\/h2>\n<p>Si vous avez des questions concernant les pr\u00e9sentes conditions g\u00e9n\u00e9rales, vous pouvez nous contacter :<\/p>\n<ul>\n<li>Par courrier \u00e9lectronique : <a href=\"mailto:info@nuotafarra.com\"> info@nuotafarra.com<\/a><\/li>\n<\/ul><\/div>\n<\/div>\n","protected":false},"excerpt":{"rendered":"<p>Conditions g\u00e9n\u00e9rales d&rsquo;utilisation Veuillez lire attentivement ces conditions avant d&rsquo;utiliser notre service. Interpr\u00e9tation et d\u00e9finitions Interpr\u00e9tation Les mots dont la lettre initiale est en majuscule ont des significations d\u00e9finies dans&hellip;<\/p>\n","protected":false},"author":1,"featured_media":0,"parent":0,"menu_order":0,"comment_status":"closed","ping_status":"closed","template":"","meta":{"footnotes":""},"class_list":["post-1445","page","type-page","status-publish","hentry"],"_links":{"self":[{"href":"https:\/\/nuotafarra.com\/index.php?rest_route=\/wp\/v2\/pages\/1445","targetHints":{"allow":["GET"]}}],"collection":[{"href":"https:\/\/nuotafarra.com\/index.php?rest_route=\/wp\/v2\/pages"}],"about":[{"href":"https:\/\/nuotafarra.com\/index.php?rest_route=\/wp\/v2\/types\/page"}],"author":[{"embeddable":true,"href":"https:\/\/nuotafarra.com\/index.php?rest_route=\/wp\/v2\/users\/1"}],"replies":[{"embeddable":true,"href":"https:\/\/nuotafarra.com\/index.php?rest_route=%2Fwp%2Fv2%2Fcomments&post=1445"}],"version-history":[{"count":5,"href":"https:\/\/nuotafarra.com\/index.php?rest_route=\/wp\/v2\/pages\/1445\/revisions"}],"predecessor-version":[{"id":1525,"href":"https:\/\/nuotafarra.com\/index.php?rest_route=\/wp\/v2\/pages\/1445\/revisions\/1525"}],"wp:attachment":[{"href":"https:\/\/nuotafarra.com\/index.php?rest_route=%2Fwp%2Fv2%2Fmedia&parent=1445"}],"curies":[{"name":"wp","href":"https:\/\/api.w.org\/{rel}","templated":true}]}}