{"id":1521,"date":"2025-05-05T07:29:08","date_gmt":"2025-05-05T07:29:08","guid":{"rendered":"https:\/\/nuotafarra.com\/?page_id=1521"},"modified":"2025-05-05T07:29:08","modified_gmt":"2025-05-05T07:29:08","slug":"politique-en-matiere-de-cookies","status":"publish","type":"page","link":"https:\/\/nuotafarra.com\/?page_id=1521","title":{"rendered":"Politique en mati\u00e8re de cookies"},"content":{"rendered":"<div class=\"container\">\n<div class=\"wrapper\">\n<h1>Politique en mati\u00e8re de cookies<\/h1>\n<p>La pr\u00e9sente politique en mati\u00e8re de cookies explique ce que sont les cookies et comment nous les utilisons. Vous devez lire cette politique afin de comprendre quel type de cookies nous utilisons, ou les informations que nous collectons \u00e0 l&rsquo;aide de cookies et comment ces informations sont utilis\u00e9es.<\/p>\n<p>Les cookies ne contiennent g\u00e9n\u00e9ralement pas d&rsquo;informations permettant d&rsquo;identifier personnellement un utilisateur, mais les informations personnelles que nous stockons \u00e0 votre sujet peuvent \u00eatre li\u00e9es aux informations stock\u00e9es dans les cookies et obtenues \u00e0 partir de ceux-ci. Pour plus d&rsquo;informations sur la mani\u00e8re dont nous utilisons, stockons et s\u00e9curisons vos donn\u00e9es personnelles, consultez notre politique de confidentialit\u00e9.<\/p>\n<p>Nous ne stockons pas d&rsquo;informations personnelles sensibles, telles que les adresses postales, les mots de passe des comptes, etc. dans les cookies que nous utilisons.<\/p>\n<h2>Interpr\u00e9tation et d\u00e9finitions<\/h2>\n<h3>Interpr\u00e9tation<\/h3>\n<p>Les mots dont la lettre initiale est en majuscule ont des significations d\u00e9finies dans les conditions suivantes. Les d\u00e9finitions suivantes ont la m\u00eame signification, qu&rsquo;elles apparaissent au singulier ou au pluriel.<\/p>\n<h3>D\u00e9finitions<\/h3>\n<p>Aux fins de la pr\u00e9sente politique en mati\u00e8re de cookies :<\/p>\n<ul>\n<li><strong>L<\/strong> &lsquo;<strong>entreprise<\/strong> (d\u00e9sign\u00e9e par &quot;l&rsquo;entreprise&quot;, &quot;nous&quot;, &quot;notre&quot; ou &quot;nos&quot; dans la pr\u00e9sente politique en mati\u00e8re de cookies) se r\u00e9f\u00e8re \u00e0 Nuotafarra SARL, 5 Rue des Boutons d&rsquo;Or, 84140 Avignon, France.<\/li>\n<li>Les<strong>cookies<\/strong> sont de petits fichiers plac\u00e9s sur votre ordinateur, votre appareil mobile ou tout autre appareil par un site web, contenant des d\u00e9tails sur votre historique de navigation sur ce site web parmi ses nombreuses utilisations.<\/li>\n<li>Le<strong>site Web<\/strong> fait r\u00e9f\u00e9rence \u00e0 Nuotafarra SARL, accessible \u00e0 partir de <a href=\"https:\/\/nuotafarra.com\" rel=\"external nofollow noopener\" target=\"_blank\">https:\/\/nuotafarra.com\/.<\/a><\/li>\n<li>On entend par \u00ab\u00a0<strong>vous<\/strong> \u00a0\u00bb la personne qui acc\u00e8de au site web ou qui l&rsquo;utilise, ou une soci\u00e9t\u00e9, ou toute entit\u00e9 juridique au nom de laquelle cette personne acc\u00e8de au site web ou l&rsquo;utilise, selon le cas.<\/li>\n<\/ul>\n<h2>L&rsquo;utilisation des cookies<\/h2>\n<h3>Type de cookies que nous utilisons<\/h3>\n<p>Les cookies peuvent \u00eatre &quot;persistants&quot; ou &quot;de session&quot;. Les cookies persistants restent sur votre ordinateur personnel ou votre appareil mobile lorsque vous \u00eates hors ligne, tandis que les cookies de session sont supprim\u00e9s d\u00e8s que vous fermez votre navigateur web.<\/p>\n<p>Nous utilisons des cookies de session et des cookies persistants aux fins d\u00e9crites ci-dessous :<\/p>\n<ul>\n<li>\n<p><strong>Cookies n\u00e9cessaires \/ essentiels<\/strong><\/p>\n<p>Type : Cookies de session<\/p>\n<p>Administr\u00e9 par : Nous<\/p>\n<p>Objectif : Ces cookies sont essentiels pour vous fournir les services disponibles sur le site web et vous permettre d&rsquo;utiliser certaines de ses fonctionnalit\u00e9s. Ils contribuent \u00e0 l&rsquo;authentification des utilisateurs et \u00e0 la pr\u00e9vention de l&rsquo;utilisation frauduleuse des comptes d&rsquo;utilisateurs. Sans ces cookies, les services que vous avez demand\u00e9s ne peuvent pas \u00eatre fournis, et nous n&rsquo;utilisons ces cookies que pour vous fournir ces services.<\/p>\n<\/li>\n<li>\n<p><strong>Cookies de fonctionnalit\u00e9<\/strong><\/p>\n<p>Type : Cookies persistants<\/p>\n<p>Administr\u00e9 par : Nous<\/p>\n<p>Objectif : Ces cookies nous permettent de nous souvenir des choix que vous faites lorsque vous utilisez le site web, par exemple de vos donn\u00e9es de connexion ou de vos pr\u00e9f\u00e9rences linguistiques. L&rsquo;objectif de ces cookies est de vous offrir une exp\u00e9rience plus personnelle et de vous \u00e9viter d&rsquo;avoir \u00e0 r\u00e9introduire vos pr\u00e9f\u00e9rences \u00e0 chaque fois que vous utilisez le site web.<\/p>\n<\/li>\n<li>\n<p><strong>Cookies de suivi et de performance<\/strong><\/p>\n<p>Type : Cookies persistants<\/p>\n<p>Administr\u00e9 par : Tiers<\/p>\n<p>Objectif : Ces cookies sont utilis\u00e9s pour collecter des informations sur le trafic vers le site web et sur la mani\u00e8re dont les utilisateurs utilisent le site web. Les informations recueillies par le biais de ces cookies peuvent vous identifier directement ou indirectement en tant que visiteur individuel. En effet, les informations collect\u00e9es sont g\u00e9n\u00e9ralement li\u00e9es \u00e0 un identifiant pseudonyme associ\u00e9 \u00e0 l&rsquo;appareil que vous utilisez pour acc\u00e9der au site web. Nous pouvons \u00e9galement utiliser ces cookies pour tester de nouvelles publicit\u00e9s, pages, caract\u00e9ristiques ou nouvelles fonctionnalit\u00e9s du site web afin de voir comment nos utilisateurs y r\u00e9agissent.<\/p>\n<\/li>\n<\/ul>\n<h3>Vos choix concernant les cookies<\/h3>\n<p>Si vous pr\u00e9f\u00e9rez \u00e9viter l&rsquo;utilisation de cookies sur le site web, vous devez d&rsquo;abord d\u00e9sactiver l&rsquo;utilisation de cookies dans votre navigateur, puis supprimer les cookies enregistr\u00e9s dans votre navigateur et associ\u00e9s \u00e0 ce site web. Vous pouvez utiliser cette option pour emp\u00eacher l&rsquo;utilisation de cookies \u00e0 tout moment.<\/p>\n<p>Si vous n&rsquo;acceptez pas nos cookies, il se peut que votre utilisation du site Web soit g\u00ean\u00e9e et que certaines fonctions ne fonctionnent pas correctement.<\/p>\n<p>Si vous souhaitez supprimer les cookies ou demander \u00e0 votre navigateur web de les supprimer ou de les refuser, veuillez consulter les pages d&rsquo;aide de votre navigateur web.<\/p>\n<p>Pour tout autre navigateur web, veuillez consulter les pages web officielles de votre navigateur.<\/p>\n<h3>Nous contacter<\/h3>\n<p>Si vous avez des questions concernant cette politique en mati\u00e8re de cookies, vous pouvez nous contacter :<\/p>\n<ul>\n<li>Par courrier \u00e9lectronique : <a href=\"mailto:info@nuotafarra.com\"> info@nuotafarra.com<\/a><\/li>\n<\/ul><\/div>\n<\/div>\n","protected":false},"excerpt":{"rendered":"<p>Politique en mati\u00e8re de cookies La pr\u00e9sente politique en mati\u00e8re de cookies explique ce que sont les cookies et comment nous les utilisons. Vous devez lire cette politique afin de&hellip;<\/p>\n","protected":false},"author":1,"featured_media":0,"parent":0,"menu_order":0,"comment_status":"closed","ping_status":"closed","template":"","meta":{"footnotes":""},"class_list":["post-1521","page","type-page","status-publish","hentry"],"_links":{"self":[{"href":"https:\/\/nuotafarra.com\/index.php?rest_route=\/wp\/v2\/pages\/1521","targetHints":{"allow":["GET"]}}],"collection":[{"href":"https:\/\/nuotafarra.com\/index.php?rest_route=\/wp\/v2\/pages"}],"about":[{"href":"https:\/\/nuotafarra.com\/index.php?rest_route=\/wp\/v2\/types\/page"}],"author":[{"embeddable":true,"href":"https:\/\/nuotafarra.com\/index.php?rest_route=\/wp\/v2\/users\/1"}],"replies":[{"embeddable":true,"href":"https:\/\/nuotafarra.com\/index.php?rest_route=%2Fwp%2Fv2%2Fcomments&post=1521"}],"version-history":[{"count":1,"href":"https:\/\/nuotafarra.com\/index.php?rest_route=\/wp\/v2\/pages\/1521\/revisions"}],"predecessor-version":[{"id":1522,"href":"https:\/\/nuotafarra.com\/index.php?rest_route=\/wp\/v2\/pages\/1521\/revisions\/1522"}],"wp:attachment":[{"href":"https:\/\/nuotafarra.com\/index.php?rest_route=%2Fwp%2Fv2%2Fmedia&parent=1521"}],"curies":[{"name":"wp","href":"https:\/\/api.w.org\/{rel}","templated":true}]}}