{"id":1526,"date":"2025-05-05T07:30:59","date_gmt":"2025-05-05T07:30:59","guid":{"rendered":"https:\/\/nuotafarra.com\/?page_id=1526"},"modified":"2025-05-05T07:30:59","modified_gmt":"2025-05-05T07:30:59","slug":"clause-de-non-responsabilite","status":"publish","type":"page","link":"https:\/\/nuotafarra.com\/?page_id=1526","title":{"rendered":"Clause de non-responsabilit\u00e9"},"content":{"rendered":"<div class=\"container\">\n<div class=\"wrapper\">\n<h1>Clause de non-responsabilit\u00e9<\/h1>\n<h2>Interpr\u00e9tation et d\u00e9finitions<\/h2>\n<h3>Interpr\u00e9tation<\/h3>\n<p>Les mots dont la lettre initiale est en majuscule ont une signification d\u00e9finie dans les conditions suivantes. Les d\u00e9finitions suivantes ont la m\u00eame signification, qu&rsquo;elles apparaissent au singulier ou au pluriel.<\/p>\n<h3>D\u00e9finitions<\/h3>\n<p>Aux fins du pr\u00e9sent avis de non-responsabilit\u00e9 :<\/p>\n<ul>\n<li><strong>L<\/strong> &lsquo;<strong>entreprise<\/strong> (d\u00e9sign\u00e9e par &quot;l&rsquo;entreprise&quot;, &quot;nous&quot;, &quot;notre&quot; ou &quot;nos&quot; dans le pr\u00e9sent avis de non-responsabilit\u00e9) se r\u00e9f\u00e8re \u00e0 Nuotafarra SARL, 5 Rue des Boutons d&rsquo;Or, 84140 Avignon, France.<\/li>\n<li>Le<strong>service<\/strong> fait r\u00e9f\u00e9rence au site web.<\/li>\n<li>On entend par \u00ab\u00a0<strong>vous<\/strong> \u00a0\u00bb la personne qui acc\u00e8de au service, ou la soci\u00e9t\u00e9 ou autre entit\u00e9 juridique au nom de laquelle cette personne acc\u00e8de au service ou l&rsquo;utilise, selon le cas.<\/li>\n<li>Le<strong>site Web<\/strong> fait r\u00e9f\u00e9rence \u00e0 Nuotafarra SARL,  accessible \u00e0 partir de <a href=\"https:\/\/nuotafarra.com\/\" rel=\"external nofollow noopener\" target=\"_blank\">https:\/\/nuotafarra.com\/.<\/a><\/li>\n<\/ul>\n<h2>Clause de non-responsabilit\u00e9<\/h2>\n<p>Les informations contenues dans le service ne sont donn\u00e9es qu&rsquo;\u00e0 titre d&rsquo;information g\u00e9n\u00e9rale.<\/p>\n<p>La Soci\u00e9t\u00e9 n&rsquo;assume aucune responsabilit\u00e9 pour les erreurs ou omissions dans le contenu du Service.<\/p>\n<p>La Soci\u00e9t\u00e9 ne peut en aucun cas \u00eatre tenue responsable des dommages sp\u00e9ciaux, directs, indirects, cons\u00e9cutifs ou accessoires ou de tout autre dommage, qu&rsquo;il s&rsquo;agisse d&rsquo;une action contractuelle, d&rsquo;une n\u00e9gligence ou d&rsquo;un autre d\u00e9lit, r\u00e9sultant de l&rsquo;utilisation du service ou de son contenu ou s&rsquo;y rapportant. La soci\u00e9t\u00e9 se r\u00e9serve le droit d&rsquo;apporter des ajouts, des suppressions ou des modifications au contenu du service \u00e0 tout moment et sans pr\u00e9avis.<\/p>\n<p>La soci\u00e9t\u00e9 ne garantit pas que le service est exempt de virus ou d&rsquo;autres \u00e9l\u00e9ments nuisibles.<\/p>\n<h2>Informations m\u00e9dicales Disclaimer<\/h2>\n<p>Les informations sur la sant\u00e9 fournies par le service ne sont pas destin\u00e9es \u00e0 diagnostiquer, traiter, gu\u00e9rir ou pr\u00e9venir les maladies. Les produits, services, informations et autres contenus fournis par le service, y compris les informations renvoyant \u00e0 des sites web de tiers, sont fournis \u00e0 titre d&rsquo;information uniquement.<\/p>\n<p>Les informations propos\u00e9es par le service ne sont pas exhaustives et ne couvrent pas toutes les maladies, tous les maux, toutes les conditions physiques ou leur traitement.<\/p>\n<p>Les individus sont diff\u00e9rents et peuvent r\u00e9agir diff\u00e9remment \u00e0 diff\u00e9rents produits. Les commentaires faits sur le service par des employ\u00e9s ou d&rsquo;autres utilisateurs sont strictement des opinions personnelles exprim\u00e9es \u00e0 titre personnel et ne sont pas des revendications de l&rsquo;entreprise et ne repr\u00e9sentent pas la position ou le point de vue de l&rsquo;entreprise.<\/p>\n<p>L&rsquo;entreprise n&rsquo;est pas responsable des informations fournies par le service en ce qui concerne les recommandations relatives aux suppl\u00e9ments \u00e0 des fins de sant\u00e9.<\/p>\n<p>L&rsquo;Entreprise n&rsquo;offre aucune garantie concernant les produits ou services vendus. L&rsquo;Entreprise n&rsquo;est pas responsable des dommages caus\u00e9s par les informations ou les services fournis, m\u00eame si l&rsquo;Entreprise a \u00e9t\u00e9 inform\u00e9e de la possibilit\u00e9 de tels dommages.<\/p>\n<h2>Informations sur la forme physique et la nutrition Avis de non-responsabilit\u00e9<\/h2>\n<p>Le service peut offrir des informations sur la sant\u00e9, la condition physique et la nutrition, y compris, mais sans s&rsquo;y limiter, des conseils et des recommandations, qui sont fournis uniquement \u00e0 des fins d&rsquo;\u00e9ducation g\u00e9n\u00e9rale et d&rsquo;information.<\/p>\n<p>L&rsquo;utilisation des conseils et des informations contenus dans le pr\u00e9sent document rel\u00e8ve de votre seul choix et de votre seul risque. Ces informations ne doivent pas se substituer \u00e0 un avis, un diagnostic ou un traitement m\u00e9dical professionnel. Consultez toujours votre m\u00e9decin ou votre prestataire de soins de sant\u00e9 avant d&rsquo;entamer un programme de nutrition ou d&rsquo;exercice physique.<\/p>\n<p>Si vous choisissez d&rsquo;utiliser ces informations sans l&rsquo;accord pr\u00e9alable de votre m\u00e9decin, vous acceptez d&rsquo;assumer l&rsquo;enti\u00e8re responsabilit\u00e9 de vos d\u00e9cisions et de d\u00e9gager la soci\u00e9t\u00e9 de toute responsabilit\u00e9.<\/p>\n<h2>Liens externes Disclaimer<\/h2>\n<p>Le service peut contenir des liens vers des sites web externes qui ne sont pas fournis ou maintenus par la soci\u00e9t\u00e9 ou qui ne lui sont pas affili\u00e9s de quelque mani\u00e8re que ce soit.<\/p>\n<p>Veuillez noter que l&rsquo;entreprise ne garantit pas l&rsquo;exactitude, la pertinence, l&rsquo;actualit\u00e9 ou l&rsquo;exhaustivit\u00e9 des informations figurant sur ces sites web externes.<\/p>\n<h2>Clause de non-responsabilit\u00e9 en mati\u00e8re de publicit\u00e9<\/h2>\n<p>Des publicit\u00e9s de tiers et des liens vers des sites web de tiers peuvent \u00e9galement appara\u00eetre lors de l&rsquo;utilisation du service. L&rsquo;entreprise ne fait aucune d\u00e9claration quant \u00e0 l&rsquo;exactitude ou \u00e0 l&rsquo;ad\u00e9quation des informations contenues dans ces publicit\u00e9s ou sites web et n&rsquo;accepte aucune responsabilit\u00e9 quant \u00e0 la conduite ou au contenu de ces publicit\u00e9s et sites web et des offres faites par les tiers.<\/p>\n<p>Les publicit\u00e9s de tiers et les liens vers d&rsquo;autres sites web o\u00f9 des biens ou des services sont annonc\u00e9s ne constituent pas une approbation ou une recommandation par l&rsquo;Entreprise des sites, biens ou services de tiers. L&rsquo;entreprise n&rsquo;est pas responsable du contenu des annonces, des promesses faites ou de la qualit\u00e9\/fiabilit\u00e9 des produits ou services propos\u00e9s dans toutes les annonces.<\/p>\n<h2>Clause de non-responsabilit\u00e9 en cas d&rsquo;erreur ou d&rsquo;omission<\/h2>\n<p>Les informations fournies par le Service le sont \u00e0 titre d&rsquo;orientation g\u00e9n\u00e9rale sur des sujets d&rsquo;int\u00e9r\u00eat uniquement. M\u00eame si l&rsquo;Entreprise prend toutes les pr\u00e9cautions n\u00e9cessaires pour s&rsquo;assurer que le contenu du Service est \u00e0 la fois actuel et exact, des erreurs peuvent se produire. En outre, compte tenu de la nature changeante des lois, r\u00e8gles et r\u00e8glements, il peut y avoir des retards, des omissions ou des inexactitudes dans les informations contenues dans le Service.<\/p>\n<p>L&rsquo;entreprise n&rsquo;est pas responsable des erreurs ou omissions, ni des r\u00e9sultats obtenus par l&rsquo;utilisation de ces informations.<\/p>\n<h2>Clause de non-responsabilit\u00e9 concernant l&rsquo;utilisation \u00e9quitable<\/h2>\n<p>L&rsquo;entreprise peut utiliser du mat\u00e9riel prot\u00e9g\u00e9 par des droits d&rsquo;auteur qui n&rsquo;a pas toujours \u00e9t\u00e9 sp\u00e9cifiquement autoris\u00e9 par le d\u00e9tenteur des droits d&rsquo;auteur. L&rsquo;entreprise met ce mat\u00e9riel \u00e0 disposition \u00e0 des fins de critique, de commentaire, de reportage, d&rsquo;enseignement, d&rsquo;\u00e9rudition ou de recherche.<\/p>\n<p>La soci\u00e9t\u00e9 estime qu&rsquo;il s&rsquo;agit d&rsquo;une &quot;utilisation \u00e9quitable&quot; de tout mat\u00e9riel prot\u00e9g\u00e9 par des droits d&rsquo;auteur, conform\u00e9ment \u00e0 l&rsquo;article 107 de la loi am\u00e9ricaine sur les droits d&rsquo;auteur.<\/p>\n<p>Si vous souhaitez utiliser du mat\u00e9riel prot\u00e9g\u00e9 par des droits d&rsquo;auteur provenant du service \u00e0 des fins personnelles allant au-del\u00e0 de l&rsquo;utilisation \u00e9quitable, vous devez obtenir l&rsquo;autorisation du d\u00e9tenteur des droits d&rsquo;auteur.<\/p>\n<h2>Opinions exprim\u00e9es Clause de non-responsabilit\u00e9<\/h2>\n<p>Le service peut contenir des points de vue et des opinions qui sont ceux des auteurs et qui ne refl\u00e8tent pas n\u00e9cessairement la politique ou la position officielle d&rsquo;un autre auteur, d&rsquo;une agence, d&rsquo;une organisation, d&rsquo;un employeur ou d&rsquo;une soci\u00e9t\u00e9, y compris la soci\u00e9t\u00e9.<\/p>\n<p>Les commentaires publi\u00e9s par les utilisateurs rel\u00e8vent de leur seule responsabilit\u00e9 et les utilisateurs assumeront l&rsquo;enti\u00e8re responsabilit\u00e9 de toute diffamation ou de tout litige r\u00e9sultant de quelque chose d&rsquo;\u00e9crit dans un commentaire ou en cons\u00e9quence directe de quelque chose d&rsquo;\u00e9crit dans un commentaire. L&rsquo;entreprise n&rsquo;est pas responsable des commentaires publi\u00e9s par les utilisateurs et se r\u00e9serve le droit de supprimer tout commentaire pour quelque raison que ce soit.<\/p>\n<h2>Clause de non-responsabilit\u00e9<\/h2>\n<p>Les informations contenues dans le Service sont fournies en tenant compte du fait que la Soci\u00e9t\u00e9 n&rsquo;est pas engag\u00e9e dans la fourniture de conseils et de services juridiques, comptables, fiscaux ou autres conseils et services professionnels. Elles ne sauraient donc se substituer \u00e0 la consultation de conseillers professionnels comptables, fiscaux, juridiques ou autres.<\/p>\n<p>En aucun cas la Soci\u00e9t\u00e9 ou ses fournisseurs ne peuvent \u00eatre tenus responsables des dommages sp\u00e9ciaux, accessoires, indirects ou cons\u00e9cutifs r\u00e9sultant de ou li\u00e9s \u00e0 l&rsquo;acc\u00e8s ou \u00e0 l&rsquo;utilisation ou \u00e0 l&rsquo;incapacit\u00e9 d&rsquo;acc\u00e9der ou d&rsquo;utiliser le service.<\/p>\n<h2>&quot;Avis de non-responsabilit\u00e9 &quot;Utilisation \u00e0 vos risques et p\u00e9rils<\/h2>\n<p>Toutes les informations contenues dans le service sont fournies &quot;en l&rsquo;\u00e9tat&quot;, sans garantie d&rsquo;exhaustivit\u00e9, d&rsquo;exactitude, d&rsquo;actualit\u00e9 ou de r\u00e9sultats obtenus par l&rsquo;utilisation de ces informations, et sans garantie d&rsquo;aucune sorte, expresse ou implicite, y compris, mais sans s&rsquo;y limiter, les garanties de performance, de qualit\u00e9 marchande et d&rsquo;ad\u00e9quation \u00e0 un usage particulier.<\/p>\n<p>L&rsquo;entreprise ne sera pas responsable envers vous ou envers quiconque de toute d\u00e9cision ou action prise sur la base des informations fournies par le service ou de tout dommage indirect, sp\u00e9cial ou similaire, m\u00eame si elle a \u00e9t\u00e9 inform\u00e9e de l&rsquo;\u00e9ventualit\u00e9 de tels dommages.<\/p>\n<h2>Nous contacter<\/h2>\n<p>Si vous avez des questions concernant cette clause de non-responsabilit\u00e9, vous pouvez nous contacter :<\/p>\n<ul>\n<li>Par courrier \u00e9lectronique : <a href=\"mailto:info@nuotafarra.com\"> info@nuotafarra.com<\/a><\/li>\n<\/ul><\/div>\n<\/div>\n","protected":false},"excerpt":{"rendered":"<p>Clause de non-responsabilit\u00e9 Interpr\u00e9tation et d\u00e9finitions Interpr\u00e9tation Les mots dont la lettre initiale est en majuscule ont une signification d\u00e9finie dans les conditions suivantes. Les d\u00e9finitions suivantes ont la m\u00eame&hellip;<\/p>\n","protected":false},"author":1,"featured_media":0,"parent":0,"menu_order":0,"comment_status":"closed","ping_status":"closed","template":"","meta":{"footnotes":""},"class_list":["post-1526","page","type-page","status-publish","hentry"],"_links":{"self":[{"href":"https:\/\/nuotafarra.com\/index.php?rest_route=\/wp\/v2\/pages\/1526","targetHints":{"allow":["GET"]}}],"collection":[{"href":"https:\/\/nuotafarra.com\/index.php?rest_route=\/wp\/v2\/pages"}],"about":[{"href":"https:\/\/nuotafarra.com\/index.php?rest_route=\/wp\/v2\/types\/page"}],"author":[{"embeddable":true,"href":"https:\/\/nuotafarra.com\/index.php?rest_route=\/wp\/v2\/users\/1"}],"replies":[{"embeddable":true,"href":"https:\/\/nuotafarra.com\/index.php?rest_route=%2Fwp%2Fv2%2Fcomments&post=1526"}],"version-history":[{"count":1,"href":"https:\/\/nuotafarra.com\/index.php?rest_route=\/wp\/v2\/pages\/1526\/revisions"}],"predecessor-version":[{"id":1527,"href":"https:\/\/nuotafarra.com\/index.php?rest_route=\/wp\/v2\/pages\/1526\/revisions\/1527"}],"wp:attachment":[{"href":"https:\/\/nuotafarra.com\/index.php?rest_route=%2Fwp%2Fv2%2Fmedia&parent=1526"}],"curies":[{"name":"wp","href":"https:\/\/api.w.org\/{rel}","templated":true}]}}